{"id":77,"date":"2024-07-08T20:57:06","date_gmt":"2024-07-08T18:57:06","guid":{"rendered":"https:\/\/admision.unsa.edu.pe\/ceprunsa\/?page_id=77"},"modified":"2025-08-28T17:41:39","modified_gmt":"2025-08-28T22:41:39","slug":"autoridades-ceprunsa","status":"publish","type":"page","link":"https:\/\/admision.unsa.edu.pe\/ceprunsa\/autoridades-ceprunsa\/","title":{"rendered":"Autoridades"},"content":{"rendered":"<div class=\"content-granate content-flex\" style=\"justify-content: center;flex-wrap: wrap;gap: 0px\">\n<div class=\"content-flex\" style=\"flex-wrap: wrap;gap: 0px\">\n<div class=\"col-md-4 content-flex\" style=\"align-items: center;flex-direction: column;justify-content: center;gap: 0px\"><img loading=\"lazy\" decoding=\"async\" src=\"https:\/\/admision.unsa.edu.pe\/ceprunsa\/wp-content\/uploads\/sites\/4\/2025\/08\/DRA-MARIA-ELENA-2.jpg\" alt=\"\" width=\"360\" height=\"203\" class=\"alignnone size-medium wp-image-529\" \/><a style=\"color: #ffffff\" href=\"https:\/\/dina.concytec.gob.pe\/appDirectorioCTI\/VerDatosInvestigador.do?id_investigador=20316\" target=\"_blank\" rel=\"noopener\">Dra. Maria Elena Rojas Zegarra<\/a><span style=\"color: #ffffff\">DIRECTORA<\/span><\/div>\n<div class=\"col-md-8 content-flex\" style=\"align-items: center;flex-direction: column;justify-content: center;gap: 0px\">Doctora en Psicolog\u00eda por la Universidad Complutense de Madrid; actualmente cursa el M\u00e1ster en Investigaci\u00f3n Psicol\u00f3gica en la Universidad Internacional de La Rioja (UNIR). Cuenta con un Diplomado Internacional en el Modelo de Terapia Breve de Resoluci\u00f3n de Problemas del Brief Therapy Center de Palo Alto (California) y con la especializaci\u00f3n en Psicoterapia Breve para Ni\u00f1os y Adolescentes por la Universidad San Jorge (Espa\u00f1a). Sus l\u00edneas de investigaci\u00f3n se centran en los procesos cognitivos y la conducta agresiva.<\/div>\n<\/div>\n<\/div>\n<div class=\"content-granate content-flex\" style=\"justify-content: center;flex-wrap: wrap;gap: 0px\">\n<div class=\"content-flex\" style=\"flex-wrap: wrap;gap: 0px\">\n<div class=\"col-md-4 content-flex\" style=\"align-items: center;flex-direction: column;justify-content: center;gap: 0px\"><img loading=\"lazy\" decoding=\"async\" src=\"https:\/\/admision.unsa.edu.pe\/ceprunsa\/wp-content\/uploads\/sites\/4\/2025\/08\/DR-ARNALDO.jpg\" alt=\"\" width=\"360\" height=\"203\" class=\"alignnone size-medium wp-image-526\" \/><a style=\"color: #ffffff\" href=\"https:\/\/dina.concytec.gob.pe\/appDirectorioCTI\/VerDatosInvestigador.do?id_investigador=63640\" target=\"_blank\" rel=\"noopener\">Mg. Arnaldo Humberto Valdivia Loaiza<\/a><span style=\"color: #ffffff\">COORDINADOR ACAD\u00c9MICO<\/span><\/div>\n<div class=\"col-md-8 content-flex\" style=\"align-items: center;flex-direction: column;justify-content: center;gap: 0px\">Docente especializado en Filosof\u00eda y mag\u00edster en Docencia Universitaria y Gesti\u00f3n Educativa; bachiller y licenciado en Filosof\u00eda por la Universidad Nacional de San Agust\u00edn de Arequipa (UNSA). Desde 2003 ejerce la docencia en diversas universidades peruanas y actualmente se desempe\u00f1a en la UNSA. Ha cursado un diplomado en Desarrollo de Habilidades Digitales para el Aprendizaje y programas de formaci\u00f3n docente en ense\u00f1anza e innovaci\u00f3n. Sus l\u00edneas de investigaci\u00f3n abarcan las Humanidades (Filosof\u00eda) y las Ciencias Sociales (Educaci\u00f3n general); posee competencias b\u00e1sicas en ingl\u00e9s y portugu\u00e9s y ha presentado ponencias en congresos, seminarios y coloquios.<\/div>\n<\/div>\n<\/div>\n<div class=\"content-granate content-flex\" style=\"justify-content: center;flex-wrap: wrap;gap: 0px\">\n<div class=\"content-flex\" style=\"flex-wrap: wrap;gap: 0px\">\n<div class=\"col-md-4 content-flex\" style=\"align-items: center;flex-direction: column;justify-content: center;gap: 0px\"><img loading=\"lazy\" decoding=\"async\" src=\"https:\/\/admision.unsa.edu.pe\/ceprunsa\/wp-content\/uploads\/sites\/4\/2025\/08\/DR-JOSE.jpg\" alt=\"\" width=\"360\" height=\"203\" class=\"alignnone size-medium wp-image-527\" \/><a style=\"color: #ffffff\" href=\"https:\/\/dina.concytec.gob.pe\/appDirectorioCTI\/VerDatosInvestigador.do?id_investigador=150092\" target=\"_blank\" rel=\"noopener\">Mg. Jose Miguel Rojas Hualpa<\/a><span style=\"color: #ffffff\">COORDINADOR ADMINISTRATIVO<\/span><\/div>\n<div class=\"col-md-8 content-flex\" style=\"align-items: center;flex-direction: column;justify-content: center;gap: 0px\">Bi\u00f3logo por la Universidad Nacional de San Agust\u00edn de Arequipa (2010) e Ingeniero Ambiental (2018); Mag\u00edster en Biolog\u00eda Funcional y Molecular por la Universidad Estadual de Campinas \u2013 UNICAMP (2014) y exinvestigador del Laboratorio de Qu\u00edmica de Prote\u00ednas de esa universidad (2012\u20132014). Actualmente es docente nombrado de la UNSA, adscrito al Departamento Acad\u00e9mico de Microbiolog\u00eda y Patolog\u00eda, egresado del Doctorado en Salud P\u00fablica, y cuenta con experiencia en la asesor\u00eda de tesis de pregrado en los temas de parasitismo intestinal y pediculosis capitis.<\/div>\n<\/div>\n<\/div>\n","protected":false},"excerpt":{"rendered":"<p>Dra. Maria Elena Rojas ZegarraDIRECTORA Doctora en Psicolog\u00eda por la Universidad Complutense de Madrid; actualmente cursa el M\u00e1ster en Investigaci\u00f3n Psicol\u00f3gica en la Universidad Internacional de La Rioja (UNIR). Cuenta con un Diplomado Internacional en el Modelo de Terapia Breve de Resoluci\u00f3n de Problemas del Brief Therapy Center de Palo Alto (California) y con la [&hellip;]<\/p>\n","protected":false},"author":1,"featured_media":0,"parent":0,"menu_order":0,"comment_status":"closed","ping_status":"closed","template":"page-blanco.php","meta":{"_acf_changed":false,"footnotes":""},"class_list":["post-77","page","type-page","status-publish","hentry"],"acf":[],"_links":{"self":[{"href":"https:\/\/admision.unsa.edu.pe\/ceprunsa\/wp-json\/wp\/v2\/pages\/77","targetHints":{"allow":["GET"]}}],"collection":[{"href":"https:\/\/admision.unsa.edu.pe\/ceprunsa\/wp-json\/wp\/v2\/pages"}],"about":[{"href":"https:\/\/admision.unsa.edu.pe\/ceprunsa\/wp-json\/wp\/v2\/types\/page"}],"author":[{"embeddable":true,"href":"https:\/\/admision.unsa.edu.pe\/ceprunsa\/wp-json\/wp\/v2\/users\/1"}],"replies":[{"embeddable":true,"href":"https:\/\/admision.unsa.edu.pe\/ceprunsa\/wp-json\/wp\/v2\/comments?post=77"}],"version-history":[{"count":111,"href":"https:\/\/admision.unsa.edu.pe\/ceprunsa\/wp-json\/wp\/v2\/pages\/77\/revisions"}],"predecessor-version":[{"id":598,"href":"https:\/\/admision.unsa.edu.pe\/ceprunsa\/wp-json\/wp\/v2\/pages\/77\/revisions\/598"}],"wp:attachment":[{"href":"https:\/\/admision.unsa.edu.pe\/ceprunsa\/wp-json\/wp\/v2\/media?parent=77"}],"curies":[{"name":"wp","href":"https:\/\/api.w.org\/{rel}","templated":true}]}}