{"id":767,"date":"2026-04-01T11:55:47","date_gmt":"2026-04-01T16:55:47","guid":{"rendered":"https:\/\/admision.unsa.edu.pe\/ceprunsa\/?page_id=767"},"modified":"2026-04-01T12:00:14","modified_gmt":"2026-04-01T17:00:14","slug":"documentos-oficiales","status":"publish","type":"page","link":"https:\/\/admision.unsa.edu.pe\/ceprunsa\/documentos-oficiales\/","title":{"rendered":"Documentos Oficiales"},"content":{"rendered":"<p><strong>REGLAMENTO DE ADMISI\u00d3N 2027<\/strong><\/p>\n<div class=\"pdf-embed-wrapper\"><embed src=\"https:\/\/admision.unsa.edu.pe\/wp-content\/uploads\/2026\/03\/RESOLUCION-DE-CONSEJO-UNIVERSITARIO-N%C2%B0-0085-2026.pdf#page=1\" type=\"application\/pdf\" style=\"height: 70vh; width: 100%;\"><\/div>\n<p><strong>TEMARIO Y MATRIZ DE EVALUACI\u00d3N 2027<\/strong><\/p>\n<div class=\"pdf-embed-wrapper\"><embed src=\"https:\/\/admision.unsa.edu.pe\/wp-content\/uploads\/2026\/03\/RCU-0028-Aprobacion-de-TEMARIO-y-MATRIZ-ADMISION-2027.pdf#page=1\" type=\"application\/pdf\" style=\"height: 70vh; width: 100%;\"><\/div>\n<p><strong>CUADRO DE VACANTES 2027<\/strong><\/p>\n<div class=\"pdf-embed-wrapper\"><embed src=\"https:\/\/admision.unsa.edu.pe\/wp-content\/uploads\/2026\/03\/RCU-073-2026-Aprobado-Cuadro-Vacantes-Proceso-Ordinario-y-Extraordinario-2027.pdf#page=1\" type=\"application\/pdf\" style=\"height: 70vh; width: 100%;\"><\/div>\n<p><strong>CRONOGRAMA DE ADMISI\u00d3N 2027<\/strong><\/p>\n<div class=\"pdf-embed-wrapper\"><embed src=\"https:\/\/admision.unsa.edu.pe\/wp-content\/uploads\/2026\/03\/RCU-0024-2026-Aprobacion-Cronograma-PROCESOS-ADMISION-2027.pdf#page=1\" type=\"application\/pdf\" style=\"height: 70vh; width: 100%;\"><\/div>\n","protected":false},"excerpt":{"rendered":"<p>REGLAMENTO DE ADMISI\u00d3N 2027 TEMARIO Y MATRIZ DE EVALUACI\u00d3N 2027 CUADRO DE VACANTES 2027 CRONOGRAMA DE ADMISI\u00d3N 2027<\/p>\n","protected":false},"author":3,"featured_media":0,"parent":0,"menu_order":0,"comment_status":"closed","ping_status":"closed","template":"","meta":{"_acf_changed":false,"footnotes":""},"class_list":["post-767","page","type-page","status-publish","hentry"],"acf":[],"_links":{"self":[{"href":"https:\/\/admision.unsa.edu.pe\/ceprunsa\/wp-json\/wp\/v2\/pages\/767","targetHints":{"allow":["GET"]}}],"collection":[{"href":"https:\/\/admision.unsa.edu.pe\/ceprunsa\/wp-json\/wp\/v2\/pages"}],"about":[{"href":"https:\/\/admision.unsa.edu.pe\/ceprunsa\/wp-json\/wp\/v2\/types\/page"}],"author":[{"embeddable":true,"href":"https:\/\/admision.unsa.edu.pe\/ceprunsa\/wp-json\/wp\/v2\/users\/3"}],"replies":[{"embeddable":true,"href":"https:\/\/admision.unsa.edu.pe\/ceprunsa\/wp-json\/wp\/v2\/comments?post=767"}],"version-history":[{"count":3,"href":"https:\/\/admision.unsa.edu.pe\/ceprunsa\/wp-json\/wp\/v2\/pages\/767\/revisions"}],"predecessor-version":[{"id":771,"href":"https:\/\/admision.unsa.edu.pe\/ceprunsa\/wp-json\/wp\/v2\/pages\/767\/revisions\/771"}],"wp:attachment":[{"href":"https:\/\/admision.unsa.edu.pe\/ceprunsa\/wp-json\/wp\/v2\/media?parent=767"}],"curies":[{"name":"wp","href":"https:\/\/api.w.org\/{rel}","templated":true}]}}