{"id":72,"date":"2024-07-08T20:50:25","date_gmt":"2024-07-08T18:50:25","guid":{"rendered":"https:\/\/admision.unsa.edu.pe\/ceprunsa\/?page_id=72"},"modified":"2024-10-16T10:35:41","modified_gmt":"2024-10-16T15:35:41","slug":"valores","status":"publish","type":"page","link":"https:\/\/admision.unsa.edu.pe\/ceprunsa\/valores\/","title":{"rendered":"Valores"},"content":{"rendered":"<div class=\"content-granate\">\n<h3>Excelencia acad\u00e9mica<\/h3>\n<p>Fomentar el compromiso con la calidad en la ense\u00f1anza y el aprendizaje, promoviendo el esfuerzo y la dedicaci\u00f3n hacia el logro de metas acad\u00e9micas.<\/p>\n<\/div>\n<div class=\"content-gris\">\n<h3>Confianza<\/h3>\n<p>Promover la seguridad y la credibilidad en las relaciones interpersonales, basadas en la honestidad y el respeto mutuo.<\/p>\n<\/div>\n<div class=\"content-granate\">\n<h3>Empat\u00eda<\/h3>\n<p>Fomentar la comprensi\u00f3n y la empat\u00eda hacia los dem\u00e1s, promoviendo un ambiente de respeto, compasi\u00f3n y apoyo mutuo entre los estudiantes y el personal del CEPRUNSA.<\/p>\n<\/div>\n<div class=\"content-gris\">\n<h3>Innovaci\u00f3n<\/h3>\n<p>Fomentar la creatividad y el pensamiento original para generar nuevas ideas y soluciones para los desaf\u00edos presentes.<\/p>\n<\/div>\n","protected":false},"excerpt":{"rendered":"<p>Excelencia acad\u00e9mica Fomentar el compromiso con la calidad en la ense\u00f1anza y el aprendizaje, promoviendo el esfuerzo y la dedicaci\u00f3n hacia el logro de metas acad\u00e9micas. Confianza Promover la seguridad y la credibilidad en las relaciones interpersonales, basadas en la honestidad y el respeto mutuo. Empat\u00eda Fomentar la comprensi\u00f3n y la empat\u00eda hacia los dem\u00e1s, [&hellip;]<\/p>\n","protected":false},"author":1,"featured_media":231,"parent":0,"menu_order":0,"comment_status":"closed","ping_status":"closed","template":"page-imagen.php","meta":{"_acf_changed":false,"footnotes":""},"class_list":["post-72","page","type-page","status-publish","has-post-thumbnail","hentry"],"acf":[],"_links":{"self":[{"href":"https:\/\/admision.unsa.edu.pe\/ceprunsa\/wp-json\/wp\/v2\/pages\/72","targetHints":{"allow":["GET"]}}],"collection":[{"href":"https:\/\/admision.unsa.edu.pe\/ceprunsa\/wp-json\/wp\/v2\/pages"}],"about":[{"href":"https:\/\/admision.unsa.edu.pe\/ceprunsa\/wp-json\/wp\/v2\/types\/page"}],"author":[{"embeddable":true,"href":"https:\/\/admision.unsa.edu.pe\/ceprunsa\/wp-json\/wp\/v2\/users\/1"}],"replies":[{"embeddable":true,"href":"https:\/\/admision.unsa.edu.pe\/ceprunsa\/wp-json\/wp\/v2\/comments?post=72"}],"version-history":[{"count":3,"href":"https:\/\/admision.unsa.edu.pe\/ceprunsa\/wp-json\/wp\/v2\/pages\/72\/revisions"}],"predecessor-version":[{"id":76,"href":"https:\/\/admision.unsa.edu.pe\/ceprunsa\/wp-json\/wp\/v2\/pages\/72\/revisions\/76"}],"wp:featuredmedia":[{"embeddable":true,"href":"https:\/\/admision.unsa.edu.pe\/ceprunsa\/wp-json\/wp\/v2\/media\/231"}],"wp:attachment":[{"href":"https:\/\/admision.unsa.edu.pe\/ceprunsa\/wp-json\/wp\/v2\/media?parent=72"}],"curies":[{"name":"wp","href":"https:\/\/api.w.org\/{rel}","templated":true}]}}