{"id":63,"date":"2024-07-08T19:52:21","date_gmt":"2024-07-08T17:52:21","guid":{"rendered":"https:\/\/admision.unsa.edu.pe\/ceprunsa\/?page_id=63"},"modified":"2024-10-16T10:53:44","modified_gmt":"2024-10-16T15:53:44","slug":"mision-y-vision","status":"publish","type":"page","link":"https:\/\/admision.unsa.edu.pe\/ceprunsa\/mision-y-vision\/","title":{"rendered":"Misi\u00f3n y Visi\u00f3n"},"content":{"rendered":"<div class=\"content-granate\">\n<h3>Misi\u00f3n<\/h3>\n<p>Brindar una preparaci\u00f3n preuniversitaria que prepare a los postulantes para el examen de admisi\u00f3n, tambi\u00e9n promueva la adquisici\u00f3n de conocimientos y el desarrollo de competencias, capacidades y aptitudes necesarias para tener \u00e9xito en los estudios universitarios, incluyendo orientaci\u00f3n vocacional y apoyo emocional.<\/p>\n<\/div>\n<div class=\"content-gris\">\n<h3>Visi\u00f3n<\/h3>\n<p>Nos proyectamos como un centro l\u00edder en la preparaci\u00f3n preuniversitaria a nivel regional, reconocidos por nuestra excelencia acad\u00e9mica y compromiso con el desarrollo personal de los estudiantes. Buscamos crear un ambiente de apoyo y gu\u00eda que permita a cada estudiante alcanzar su m\u00e1ximo potencial y tomar decisiones informadas sobre su futuro acad\u00e9mico y profesional.\n<\/p><\/div>\n","protected":false},"excerpt":{"rendered":"<p>Misi\u00f3n Brindar una preparaci\u00f3n preuniversitaria que prepare a los postulantes para el examen de admisi\u00f3n, tambi\u00e9n promueva la adquisici\u00f3n de conocimientos y el desarrollo de competencias, capacidades y aptitudes necesarias para tener \u00e9xito en los estudios universitarios, incluyendo orientaci\u00f3n vocacional y apoyo emocional. Visi\u00f3n Nos proyectamos como un centro l\u00edder en la preparaci\u00f3n preuniversitaria a [&hellip;]<\/p>\n","protected":false},"author":1,"featured_media":232,"parent":0,"menu_order":0,"comment_status":"closed","ping_status":"closed","template":"page-imagen.php","meta":{"_acf_changed":false,"footnotes":""},"class_list":["post-63","page","type-page","status-publish","has-post-thumbnail","hentry"],"acf":[],"_links":{"self":[{"href":"https:\/\/admision.unsa.edu.pe\/ceprunsa\/wp-json\/wp\/v2\/pages\/63","targetHints":{"allow":["GET"]}}],"collection":[{"href":"https:\/\/admision.unsa.edu.pe\/ceprunsa\/wp-json\/wp\/v2\/pages"}],"about":[{"href":"https:\/\/admision.unsa.edu.pe\/ceprunsa\/wp-json\/wp\/v2\/types\/page"}],"author":[{"embeddable":true,"href":"https:\/\/admision.unsa.edu.pe\/ceprunsa\/wp-json\/wp\/v2\/users\/1"}],"replies":[{"embeddable":true,"href":"https:\/\/admision.unsa.edu.pe\/ceprunsa\/wp-json\/wp\/v2\/comments?post=63"}],"version-history":[{"count":8,"href":"https:\/\/admision.unsa.edu.pe\/ceprunsa\/wp-json\/wp\/v2\/pages\/63\/revisions"}],"predecessor-version":[{"id":71,"href":"https:\/\/admision.unsa.edu.pe\/ceprunsa\/wp-json\/wp\/v2\/pages\/63\/revisions\/71"}],"wp:featuredmedia":[{"embeddable":true,"href":"https:\/\/admision.unsa.edu.pe\/ceprunsa\/wp-json\/wp\/v2\/media\/232"}],"wp:attachment":[{"href":"https:\/\/admision.unsa.edu.pe\/ceprunsa\/wp-json\/wp\/v2\/media?parent=63"}],"curies":[{"name":"wp","href":"https:\/\/api.w.org\/{rel}","templated":true}]}}