{"id":345,"date":"2024-10-23T12:32:17","date_gmt":"2024-10-23T17:32:17","guid":{"rendered":"https:\/\/admision.unsa.edu.pe\/ceprunsa\/?page_id=345"},"modified":"2025-08-28T16:51:21","modified_gmt":"2025-08-28T21:51:21","slug":"ceprunsa-extraordinario","status":"publish","type":"page","link":"https:\/\/admision.unsa.edu.pe\/ceprunsa\/ceprunsa-extraordinario\/","title":{"rendered":"Ceprunsa Extraordinario"},"content":{"rendered":"<p>El Proceso de Admisi\u00f3n Extraordinario de la Universidad Nacional de San Agust\u00edn de Arequipa (UNSA) est\u00e1 dirigido a postulantes con perfiles especiales, reconociendo m\u00e9ritos acad\u00e9micos, deportivos y personales, as\u00ed como situaciones particulares contempladas en la normativa nacional y disposiciones internas. Este proceso busca promover la inclusi\u00f3n y equidad, brindando una oportunidad para acceder a una educaci\u00f3n superior de calidad. A continuaci\u00f3n, se detalla qui\u00e9nes pueden participar en este proceso:<\/p>\n<p>Participantes elegibles:<\/p>\n<ol>\n<li>Titulados o graduados de universidades p\u00fablicas o privadas, e instituciones y escuelas de educaci\u00f3n superior, conforme a la Ley Universitaria N\u00b0 30220.<\/li>\n<li>Primeros puestos: Los dos (2) primeros puestos del orden de m\u00e9rito de instituciones educativas de nivel secundario, de cada regi\u00f3n, obtenidos el a\u00f1o anterior a la postulaci\u00f3n.<\/li>\n<li>Deportistas destacados, acreditados por el Instituto Peruano del Deporte (IPD).<\/li>\n<li>Personas con discapacidad, acreditadas por el CONADIS.<\/li>\n<li>Traslados externos procedentes de universidades del Per\u00fa o del extranjero.<\/li>\n<li>Traslados internos dentro de la UNSA.<\/li>\n<li>Egresados de colegios secundarios que otorgan el Bachillerato Internacional.<\/li>\n<li>Egresados de Colegios de Alto Rendimiento (COAR) del a\u00f1o anterior al de su postulaci\u00f3n.<\/li>\n<li>V\u00edctimas del terrorismo, reconocidas por las disposiciones legales vigentes.<\/li>\n<li>V\u00edctimas de la violencia ocurrida entre mayo de 1980 y noviembre de 2000.<\/li>\n<li>Postulantes bajo el Convenio Andr\u00e9s Bello (CAB), orientado a la integraci\u00f3n educativa, cient\u00edfica, tecnol\u00f3gica y cultural en la regi\u00f3n Andina.<\/li>\n<li>Egresados y bachilleres de universidades con licencia denegada por la SUNEDU.<\/li>\n<li>Otros postulantes determinados por el Consejo Universitario, conforme a disposiciones internas, convenios o leyes especiales.<\/li>\n<\/ol>\n<p>Este proceso extraordinario reafirma el compromiso de la UNSA con la inclusi\u00f3n, la diversidad y el reconocimiento de m\u00e9ritos, adapt\u00e1ndose a las necesidades y trayectorias de los diversos postulantes.<\/p>\n","protected":false},"excerpt":{"rendered":"<p>El Proceso de Admisi\u00f3n Extraordinario de la Universidad Nacional de San Agust\u00edn de Arequipa (UNSA) est\u00e1 dirigido a postulantes con perfiles especiales, reconociendo m\u00e9ritos acad\u00e9micos, deportivos y personales, as\u00ed como situaciones particulares contempladas en la normativa nacional y disposiciones internas. Este proceso busca promover la inclusi\u00f3n y equidad, brindando una oportunidad para acceder a una [&hellip;]<\/p>\n","protected":false},"author":3,"featured_media":554,"parent":0,"menu_order":0,"comment_status":"closed","ping_status":"closed","template":"","meta":{"_acf_changed":false,"footnotes":""},"class_list":["post-345","page","type-page","status-publish","has-post-thumbnail","hentry"],"acf":[],"_links":{"self":[{"href":"https:\/\/admision.unsa.edu.pe\/ceprunsa\/wp-json\/wp\/v2\/pages\/345","targetHints":{"allow":["GET"]}}],"collection":[{"href":"https:\/\/admision.unsa.edu.pe\/ceprunsa\/wp-json\/wp\/v2\/pages"}],"about":[{"href":"https:\/\/admision.unsa.edu.pe\/ceprunsa\/wp-json\/wp\/v2\/types\/page"}],"author":[{"embeddable":true,"href":"https:\/\/admision.unsa.edu.pe\/ceprunsa\/wp-json\/wp\/v2\/users\/3"}],"replies":[{"embeddable":true,"href":"https:\/\/admision.unsa.edu.pe\/ceprunsa\/wp-json\/wp\/v2\/comments?post=345"}],"version-history":[{"count":2,"href":"https:\/\/admision.unsa.edu.pe\/ceprunsa\/wp-json\/wp\/v2\/pages\/345\/revisions"}],"predecessor-version":[{"id":422,"href":"https:\/\/admision.unsa.edu.pe\/ceprunsa\/wp-json\/wp\/v2\/pages\/345\/revisions\/422"}],"wp:featuredmedia":[{"embeddable":true,"href":"https:\/\/admision.unsa.edu.pe\/ceprunsa\/wp-json\/wp\/v2\/media\/554"}],"wp:attachment":[{"href":"https:\/\/admision.unsa.edu.pe\/ceprunsa\/wp-json\/wp\/v2\/media?parent=345"}],"curies":[{"name":"wp","href":"https:\/\/api.w.org\/{rel}","templated":true}]}}