{"id":344,"date":"2024-10-23T12:32:17","date_gmt":"2024-10-23T17:32:17","guid":{"rendered":"https:\/\/admision.unsa.edu.pe\/ceprunsa\/?page_id=344"},"modified":"2025-08-28T16:49:18","modified_gmt":"2025-08-28T21:49:18","slug":"ceprunsa-ciclo-quintos","status":"publish","type":"page","link":"https:\/\/admision.unsa.edu.pe\/ceprunsa\/ceprunsa-ciclo-quintos\/","title":{"rendered":"Ceprunsa Ciclo Quintos"},"content":{"rendered":"<p data-start=\"0\" data-end=\"281\">El Proceso de Admisi\u00f3n CEPRUNSA Ciclo Quintos est\u00e1 dirigido exclusivamente a estudiantes que cursan actualmente 5.\u00ba de secundaria. Brinda una preparaci\u00f3n enfocada para ingresar a la Universidad Nacional de San Agust\u00edn de Arequipa (UNSA), fortaleciendo bases y competencias clave.<\/p>\n<p data-start=\"283\" data-end=\"461\">La modalidad consiste en una sola evaluaci\u00f3n de conocimientos presencial, que mide de forma precisa el dominio de las \u00e1reas evaluadas y determina el ingreso seg\u00fan los resultados.<\/p>\n<p data-start=\"463\" data-end=\"671\" data-is-last-node=\"\" data-is-only-node=\"\">Como preparaci\u00f3n, CEPRUNSA ofrece clases virtuales, talleres y seminarios de reforzamiento y orientaci\u00f3n.<\/p>\n","protected":false},"excerpt":{"rendered":"<p>El Proceso de Admisi\u00f3n CEPRUNSA Ciclo Quintos est\u00e1 dirigido exclusivamente a estudiantes que cursan actualmente 5.\u00ba de secundaria. Brinda una preparaci\u00f3n enfocada para ingresar a la Universidad Nacional de San Agust\u00edn de Arequipa (UNSA), fortaleciendo bases y competencias clave. La modalidad consiste en una sola evaluaci\u00f3n de conocimientos presencial, que mide de forma precisa el [&hellip;]<\/p>\n","protected":false},"author":3,"featured_media":553,"parent":0,"menu_order":0,"comment_status":"closed","ping_status":"closed","template":"","meta":{"_acf_changed":false,"footnotes":""},"class_list":["post-344","page","type-page","status-publish","has-post-thumbnail","hentry"],"acf":[],"_links":{"self":[{"href":"https:\/\/admision.unsa.edu.pe\/ceprunsa\/wp-json\/wp\/v2\/pages\/344","targetHints":{"allow":["GET"]}}],"collection":[{"href":"https:\/\/admision.unsa.edu.pe\/ceprunsa\/wp-json\/wp\/v2\/pages"}],"about":[{"href":"https:\/\/admision.unsa.edu.pe\/ceprunsa\/wp-json\/wp\/v2\/types\/page"}],"author":[{"embeddable":true,"href":"https:\/\/admision.unsa.edu.pe\/ceprunsa\/wp-json\/wp\/v2\/users\/3"}],"replies":[{"embeddable":true,"href":"https:\/\/admision.unsa.edu.pe\/ceprunsa\/wp-json\/wp\/v2\/comments?post=344"}],"version-history":[{"count":6,"href":"https:\/\/admision.unsa.edu.pe\/ceprunsa\/wp-json\/wp\/v2\/pages\/344\/revisions"}],"predecessor-version":[{"id":561,"href":"https:\/\/admision.unsa.edu.pe\/ceprunsa\/wp-json\/wp\/v2\/pages\/344\/revisions\/561"}],"wp:featuredmedia":[{"embeddable":true,"href":"https:\/\/admision.unsa.edu.pe\/ceprunsa\/wp-json\/wp\/v2\/media\/553"}],"wp:attachment":[{"href":"https:\/\/admision.unsa.edu.pe\/ceprunsa\/wp-json\/wp\/v2\/media?parent=344"}],"curies":[{"name":"wp","href":"https:\/\/api.w.org\/{rel}","templated":true}]}}