{"id":152,"date":"2024-07-08T23:01:59","date_gmt":"2024-07-08T21:01:59","guid":{"rendered":"https:\/\/admision.unsa.edu.pe\/ceprunsa\/?page_id=152"},"modified":"2025-09-03T09:48:10","modified_gmt":"2025-09-03T14:48:10","slug":"preguntas-frecuentes","status":"publish","type":"page","link":"https:\/\/admision.unsa.edu.pe\/ceprunsa\/preguntas-frecuentes\/","title":{"rendered":"Preguntas Frecuentes"},"content":{"rendered":"<details style=\"margin-bottom: 10px\" open=\"\">\n<summary style=\"font-weight: bold;padding: 10px;background-color: #813148;color: #ffffff;border: 1px solid #ccc;cursor: pointer;justify-content: space-between;align-items: center\">\u00bfC\u00f3mo puedo ingresar a las clases del CEPRUNSA?<\/summary>\n<div style=\"padding: 10px;border: 1px solid #ccc;border-top: none;background-color: #d9d9d9\">Para ingresar a las clases, sigue estos pasos:<\/p>\n<ul>\n<li>Accede con la cuenta CEPRUNSA que recibiste al momento de tu inscripci\u00f3n.<\/li>\n<li>Ingresa a la plataforma Google Classroom utilizando dicha cuenta.<\/li>\n<li>Desde Classroom, selecciona tu sal\u00f3n y haz clic en el enlace de Google Meet correspondiente para unirte a la sesi\u00f3n.<\/li>\n<\/ul>\n<\/div>\n<\/details>\n<details style=\"margin-bottom: 10px\">\n<summary style=\"font-weight: bold;padding: 10px;background-color: #813148;color: #ffffff;border: 1px solid #ccc;cursor: pointer;justify-content: space-between;align-items: center\">\u00bfC\u00f3mo puedo realizar el pago de las cuotas?<\/summary>\n<div style=\"padding: 10px;border: 1px solid #ccc;border-top: none;background-color: #d9d9d9\">\n<p>El pago de las cuotas se realiza con el c\u00f3digo web que se te asign\u00f3 en el sistema SISADMISION al momento de tu inscripci\u00f3n. Para efectuarlo, sigue estos pasos:<\/p>\n<ol>\n<li>Dir\u00edgete a la opci\u00f3n \u201cPagar servicios\u201d en cualquier canal del BCP.<\/li>\n<li>Busca la entidad \u201cUniversidad Nacional de San Agust\u00edn\u201d.<\/li>\n<li>Selecciona la opci\u00f3n \u201cUNSA-VIRTUAL\u201d.<\/li>\n<li>Ingresa tu c\u00f3digo web.<\/li>\n<\/ol>\n<p>Puedes realizar el pago a trav\u00e9s de los siguientes canales:<\/p>\n<ul>\n<li>Agentes BCP<\/li>\n<li>Banca M\u00f3vil<\/li>\n<li>Banca por Internet<\/li>\n<li>Yape<\/li>\n<\/ul>\n<\/div>\n<\/details>\n<details style=\"margin-bottom: 10px\">\n<summary style=\"font-weight: bold;padding: 10px;background-color: #813148;color: #ffffff;border: 1px solid #ccc;cursor: pointer;justify-content: space-between;align-items: center\">\u00bfPuedo retirarme o solicitar la exoneraci\u00f3n de cuotas del CEPRUNSA?<\/summary>\n<div style=\"padding: 10px;border: 1px solid #ccc;border-top: none;background-color: #d9d9d9\"><span class=\"OYPEnA font-feature-liga-off font-feature-clig-off font-feature-calt-off text-decoration-none text-strikethrough-none\">Seg\u00fan el Reglamento de Admisi\u00f3n, aprobado con Resoluci\u00f3n de Consejo Universitario N\u00b0 219-2024, de fecha 21 de mayo del 2024,<\/span> <span class=\"OYPEnA font-feature-liga-off font-feature-clig-off font-feature-calt-off text-decoration-none text-strikethrough-none\">establece:<\/span><\/p>\n<ul>\n<li><strong>Art\u00edculo 64\u00b0<\/strong>: El postulante no puede solicitar, bajo ning\u00fan concepto:\n<ul>\n<li><strong>64.1.<\/strong> Devoluci\u00f3n y\/o reembolso del monto abonado.<\/li>\n<li><strong>64.2.<\/strong> Exoneraci\u00f3n de deuda.<\/li>\n<\/ul>\n<\/li>\n<\/ul>\n<\/div>\n<\/details>\n","protected":false},"excerpt":{"rendered":"<p>\u00bfC\u00f3mo puedo ingresar a las clases del CEPRUNSA? Para ingresar a las clases, sigue estos pasos: Accede con la cuenta CEPRUNSA que recibiste al momento de tu inscripci\u00f3n. Ingresa a la plataforma Google Classroom utilizando dicha cuenta. Desde Classroom, selecciona tu sal\u00f3n y haz clic en el enlace de Google Meet correspondiente para unirte a [&hellip;]<\/p>\n","protected":false},"author":1,"featured_media":0,"parent":0,"menu_order":0,"comment_status":"closed","ping_status":"closed","template":"page-blanco.php","meta":{"_acf_changed":false,"footnotes":""},"class_list":["post-152","page","type-page","status-publish","hentry"],"acf":[],"_links":{"self":[{"href":"https:\/\/admision.unsa.edu.pe\/ceprunsa\/wp-json\/wp\/v2\/pages\/152","targetHints":{"allow":["GET"]}}],"collection":[{"href":"https:\/\/admision.unsa.edu.pe\/ceprunsa\/wp-json\/wp\/v2\/pages"}],"about":[{"href":"https:\/\/admision.unsa.edu.pe\/ceprunsa\/wp-json\/wp\/v2\/types\/page"}],"author":[{"embeddable":true,"href":"https:\/\/admision.unsa.edu.pe\/ceprunsa\/wp-json\/wp\/v2\/users\/1"}],"replies":[{"embeddable":true,"href":"https:\/\/admision.unsa.edu.pe\/ceprunsa\/wp-json\/wp\/v2\/comments?post=152"}],"version-history":[{"count":27,"href":"https:\/\/admision.unsa.edu.pe\/ceprunsa\/wp-json\/wp\/v2\/pages\/152\/revisions"}],"predecessor-version":[{"id":676,"href":"https:\/\/admision.unsa.edu.pe\/ceprunsa\/wp-json\/wp\/v2\/pages\/152\/revisions\/676"}],"wp:attachment":[{"href":"https:\/\/admision.unsa.edu.pe\/ceprunsa\/wp-json\/wp\/v2\/media?parent=152"}],"curies":[{"name":"wp","href":"https:\/\/api.w.org\/{rel}","templated":true}]}}