{"id":107,"date":"2024-07-08T21:29:46","date_gmt":"2024-07-08T19:29:46","guid":{"rendered":"https:\/\/admision.unsa.edu.pe\/ceprunsa\/?page_id=107"},"modified":"2024-10-18T08:34:53","modified_gmt":"2024-10-18T13:34:53","slug":"politica-de-calidad","status":"publish","type":"page","link":"https:\/\/admision.unsa.edu.pe\/ceprunsa\/politica-de-calidad\/","title":{"rendered":"POL\u00cdTICA DE CALIDAD"},"content":{"rendered":"<p>En el Centro Preuniversitario de la Universidad Nacional de San Agust\u00edn de Arequipa nos dedicamos a brindar una preparaci\u00f3n preuniversitaria a estudiantes para enfrentar con \u00e9xito el examen de admisi\u00f3n a la universidad con una planificaci\u00f3n precisa de contenidos, el uso de recursos educativos innovadores y una atenci\u00f3n personalizada a las necesidades individuales. Nuestro objetivo es ser reconocidos como l\u00edderes en la preparaci\u00f3n preuniversitaria a nivel regional, destac\u00e1ndose por nuestra excelencia acad\u00e9mica y nuestro compromiso con el desarrollo personal de los estudiantes.<\/p>\n<p>Nos comprometemos a:<\/p>\n<div class=\"content-grid\">\n<div class=\"content-granate\">Excelencia Acad\u00e9mica:<br \/>\nOfrecer una ense\u00f1anza de alta calidad que promueva el desarrollo de competencias y habilidades necesarias para el \u00e9xito acad\u00e9mico y personal.<\/div>\n<div class=\"content-gris\">Apoyo Integral al Estudiante:<br \/>\nBrindar un apoyo integral a nuestros estudiantes, incluyendo orientaci\u00f3n vocacional, apoyo emocional y asesoramiento acad\u00e9mico.<\/div>\n<div class=\"content-granate\">Cumplimiento Normativo:<br \/>\nCumplir con todos los requisitos legales, reglamentarios y contractuales aplicables a nuestras actividades, promoviendo un ambiente de trabajo seguro y respetuoso.<\/div>\n<div class=\"content-gris\">Mejora Continua:<br \/>\nBuscar la mejora continua en todos los aspectos de nuestra instituci\u00f3n, identificando oportunidades de mejora y actuando proactivamente para implementar soluciones efectivas.<\/div>\n<div class=\"content-granate\">Atenci\u00f3n a la Demanda:<br \/>\nGestionar de manera eficiente y efectiva la alta demanda de nuestros servicios, optimizando nuestros recursos para garantizar una atenci\u00f3n de calidad a todos nuestros estudiantes.<\/div>\n<div class=\"content-gris\">Desarrollo Profesional:<br \/>\nValorar y promover el desarrollo profesional de nuestro personal, proporcionando oportunidades de formaci\u00f3n y capacitaci\u00f3n que les permitan mejorar sus habilidades y mantenerse actualizados en su campo de especializaci\u00f3n.<\/div>\n<\/div>\n<p>Esta pol\u00edtica de calidad es comunicada, entendida y aplicada en todos los niveles de la organizaci\u00f3n, y todos los miembros del CEPRUNSA est\u00e1n comprometidos con su cumplimiento y contribuyen activamente a su implementaci\u00f3n y mejora continua.<\/p>\n<p style=\"text-align: center\">Arequipa, 01 de marzo del 2024<\/p>\n<p style=\"text-align: center\"><strong>Maria Elena Rojas Zegarra<br \/>\nDirectora CEPRUNSA<\/strong><\/p>\n","protected":false},"excerpt":{"rendered":"<p>En el Centro Preuniversitario de la Universidad Nacional de San Agust\u00edn de Arequipa nos dedicamos a brindar una preparaci\u00f3n preuniversitaria a estudiantes para enfrentar con \u00e9xito el examen de admisi\u00f3n a la universidad con una planificaci\u00f3n precisa de contenidos, el uso de recursos educativos innovadores y una atenci\u00f3n personalizada a las necesidades individuales. Nuestro objetivo [&hellip;]<\/p>\n","protected":false},"author":1,"featured_media":0,"parent":0,"menu_order":0,"comment_status":"closed","ping_status":"closed","template":"page-blanco.php","meta":{"_acf_changed":false,"footnotes":""},"class_list":["post-107","page","type-page","status-publish","hentry"],"acf":[],"_links":{"self":[{"href":"https:\/\/admision.unsa.edu.pe\/ceprunsa\/wp-json\/wp\/v2\/pages\/107","targetHints":{"allow":["GET"]}}],"collection":[{"href":"https:\/\/admision.unsa.edu.pe\/ceprunsa\/wp-json\/wp\/v2\/pages"}],"about":[{"href":"https:\/\/admision.unsa.edu.pe\/ceprunsa\/wp-json\/wp\/v2\/types\/page"}],"author":[{"embeddable":true,"href":"https:\/\/admision.unsa.edu.pe\/ceprunsa\/wp-json\/wp\/v2\/users\/1"}],"replies":[{"embeddable":true,"href":"https:\/\/admision.unsa.edu.pe\/ceprunsa\/wp-json\/wp\/v2\/comments?post=107"}],"version-history":[{"count":21,"href":"https:\/\/admision.unsa.edu.pe\/ceprunsa\/wp-json\/wp\/v2\/pages\/107\/revisions"}],"predecessor-version":[{"id":302,"href":"https:\/\/admision.unsa.edu.pe\/ceprunsa\/wp-json\/wp\/v2\/pages\/107\/revisions\/302"}],"wp:attachment":[{"href":"https:\/\/admision.unsa.edu.pe\/ceprunsa\/wp-json\/wp\/v2\/media?parent=107"}],"curies":[{"name":"wp","href":"https:\/\/api.w.org\/{rel}","templated":true}]}}